{"id":250,"date":"2016-01-27T12:18:01","date_gmt":"2016-01-27T12:18:01","guid":{"rendered":"https:\/\/www.abitop.ee\/en\/%d0%b3%d0%bb%d0%b0%d0%b2%d0%bd%d0%b0%d1%8f\/"},"modified":"2017-04-28T14:35:41","modified_gmt":"2017-04-28T11:35:41","slug":"%d0%b3%d0%bb%d0%b0%d0%b2%d0%bd%d0%b0%d1%8f","status":"publish","type":"page","link":"https:\/\/www.abitop.ee\/en\/","title":{"rendered":"Mainpage"},"content":{"rendered":"<section class=\"l-section wpb_row height_auto width_full slider-none\" id=\"head\"><div class=\"l-section-h g-html i-cf\"><div class=\"g-cols offset_small\"><div class=\" full-width\">[rev_slider_vc alias=&#8221;mainpage-eng&#8221;]<\/div><\/div><\/div><\/section><section class=\"l-section wpb_row height_huge with_img parallax_ver\"><div class=\"l-section-img\" style=\"background-image: url(https:\/\/www.abitop.ee\/wp-content\/uploads\/2016\/01\/bg.jpg);\" data-img-width=\"1920\" data-img-height=\"1080\"><\/div><div class=\"l-section-h g-html i-cf\"><div class=\"g-cols offset_small\"><div class=\" one-half\">[vc_empty_space height=&#8221;35&#8243;]<div class=\"w-image  align_center\"><img loading=\"lazy\" decoding=\"async\" width=\"600\" height=\"134\" src=\"https:\/\/www.abitop.ee\/wp-content\/uploads\/2016\/01\/logo-lined-1.png\" class=\"attachment-full size-full\" alt=\"\" srcset=\"https:\/\/www.abitop.ee\/wp-content\/uploads\/2016\/01\/logo-lined-1.png 600w, https:\/\/www.abitop.ee\/wp-content\/uploads\/2016\/01\/logo-lined-1-300x67.png 300w\" sizes=\"auto, (max-width: 600px) 100vw, 600px\" \/><\/div><\/div><div class=\" one-half\">[vc_custom_heading text=&#8221;About company&#8221; font_container=&#8221;tag:p|font_size:50|text_align:left|color:%23ffffff|line_height:60px&#8221; google_fonts=&#8221;font_family:Open%20Sans%3A300%2C300italic%2Cregular%2Citalic%2C600%2C600italic%2C700%2C700italic%2C800%2C800italic|font_style:300%20light%20regular%3A300%3Anormal&#8221; el_class=&#8221;title&#8221;][vc_custom_heading text=&#8221;Abi TOP O\u00dc Company was founded in 2012. Its main activities are interior works and road engineering services. The company has a lot of qualified staff in possession of modern equipment and tools. We work with large clients as well as private clients.&#8221; font_container=&#8221;tag:p|font_size:16|text_align:justify|color:%23ffffff|line_height:24px&#8221; google_fonts=&#8221;font_family:Open%20Sans%3A300%2C300italic%2Cregular%2Citalic%2C600%2C600italic%2C700%2C700italic%2C800%2C800italic|font_style:300%20light%20regular%3A300%3Anormal&#8221;]<\/div><\/div><\/div><\/section><section class=\"l-section wpb_row height_huge with_img\"><div class=\"l-section-img\" style=\"background-image: url(https:\/\/www.abitop.ee\/wp-content\/uploads\/2016\/01\/bgwhite.jpg);\" data-img-width=\"1920\" data-img-height=\"1080\"><\/div><div class=\"l-section-h g-html i-cf\"><div class=\"g-cols offset_small\"><div class=\" full-width\">[vc_custom_heading text=&#8221;Company benefits&#8221; font_container=&#8221;tag:p|font_size:50|text_align:center|color:%234474b9|line_height:60px&#8221; google_fonts=&#8221;font_family:Open%20Sans%3A300%2C300italic%2Cregular%2Citalic%2C600%2C600italic%2C700%2C700italic%2C800%2C800italic|font_style:300%20light%20regular%3A300%3Anormal&#8221; el_class=&#8221;title&#8221;][vc_empty_space height=&#8221;80&#8243; el_class=&#8221;emptys&#8221;]<div class=\"g-cols wpb_row offset_small vc_inner \"><div class=\" one-third\">[vc_custom_heading text=&#8221;LIBERAL PRICE &#8221; font_container=&#8221;tag:p|font_size:35|text_align:left|color:%233d3d3d|line_height:45px&#8221; google_fonts=&#8221;font_family:Open%20Sans%3A300%2C300italic%2Cregular%2Citalic%2C600%2C600italic%2C700%2C700italic%2C800%2C800italic|font_style:300%20light%20regular%3A300%3Anormal&#8221; el_class=&#8221;title&#8221;]<div class=\"w-separator type_short size_small thick_1 style_solid color_primary cont_none sep-left\"><span class=\"w-separator-h\"><\/span><\/div><div class=\"wpb_text_column \"><div class=\"wpb_wrapper\">\n<p style=\"text-align: left;\">Competitive price, based on market trends<\/p>\n<\/div> <\/div> <\/div><div class=\" one-third\">[vc_custom_heading text=&#8221;QUALITY&#8221; font_container=&#8221;tag:p|font_size:35|text_align:left|color:%233d3d3d|line_height:45px&#8221; google_fonts=&#8221;font_family:Open%20Sans%3A300%2C300italic%2Cregular%2Citalic%2C600%2C600italic%2C700%2C700italic%2C800%2C800italic|font_style:300%20light%20regular%3A300%3Anormal&#8221; el_class=&#8221;title&#8221;]<div class=\"w-separator type_short size_small thick_1 style_solid color_primary cont_none sep-left\"><span class=\"w-separator-h\"><\/span><\/div><div class=\"wpb_text_column \"><div class=\"wpb_wrapper\">\n<p style=\"text-align: left;\">Excellent quality on the European level<\/p>\n<\/div> <\/div> <\/div><div class=\" one-third\">[vc_custom_heading text=&#8221;COMPLETION SCHEDULE &#8221; font_container=&#8221;tag:p|font_size:35|text_align:left|color:%233d3d3d|line_height:45px&#8221; google_fonts=&#8221;font_family:Open%20Sans%3A300%2C300italic%2Cregular%2Citalic%2C600%2C600italic%2C700%2C700italic%2C800%2C800italic|font_style:300%20light%20regular%3A300%3Anormal&#8221; el_class=&#8221;title&#8221;]<div class=\"w-separator type_short size_small thick_1 style_solid color_primary cont_none sep-left\"><span class=\"w-separator-h\"><\/span><\/div><div class=\"wpb_text_column \"><div class=\"wpb_wrapper\">\n<p style=\"text-align: left;\">100% timely performance<\/p>\n<\/div> <\/div> <\/div><\/div>[vc_empty_space height=&#8221;60px&#8221;]<div class=\"w-btn-wrapper align_center\"><a class=\"w-btn style_solid size_large color_primary icon_none\" href=\"\/contacts\/\"><span class=\"w-btn-label\">Contact us<\/span><\/a><\/div><\/div><\/div><\/div><\/section><section class=\"l-section wpb_row height_huge with_img parallax_ver\"><div class=\"l-section-img\" style=\"background-image: url(https:\/\/www.abitop.ee\/wp-content\/uploads\/2016\/01\/bg.jpg);\" data-img-width=\"1920\" data-img-height=\"1080\"><\/div><div class=\"l-section-h g-html i-cf\"><div class=\"g-cols offset_small\"><div class=\" full-width\">[vc_custom_heading text=&#8221;Client Reviews&#8221; font_container=&#8221;tag:p|font_size:50|text_align:center|color:%23ffffff|line_height:60px&#8221; google_fonts=&#8221;font_family:Open%20Sans%3A300%2C300italic%2Cregular%2Citalic%2C600%2C600italic%2C700%2C700italic%2C800%2C800italic|font_style:300%20light%20regular%3A300%3Anormal&#8221; el_class=&#8221;title&#8221;][vc_empty_space height=&#8221;60px&#8221;]<div class=\"g-cols wpb_row offset_small vc_inner \"><div class=\" one-half\"><div class=\"w-testimonial style_4 test-white\"><blockquote><q class=\"w-testimonial-text\">Olen koos teiega teinud juba mitmeid objekte ja iga kord on koost\u00f6\u00f6 olnud v\u00e4ga sujuv.<\/q><div class=\"w-testimonial-person\"><span class=\"w-testimonial-person-name\"><span>Andres Puusepp<\/span><\/span><span class=\"w-testimonial-person-meta\">Erefi Ehitus O\u00dc<\/span><\/div><\/blockquote><\/div><\/div><div class=\" one-half\"><div class=\"w-testimonial style_4 test-white\"><blockquote><q class=\"w-testimonial-text\">Kvaliteetne t\u00f6\u00f6, asjatundlikud n\u00f5uanded, suur kogemustepagas, lubadustest kinnipidamine &#8211; need on m\u00e4rks\u00f5nad koost\u00f6\u00f6st Abi TOP-ga.<\/q><div class=\"w-testimonial-person\"><span class=\"w-testimonial-person-name\"><span>Madis <\/span><\/span><span class=\"w-testimonial-person-meta\">Eraisik<\/span><\/div><\/blockquote><\/div><\/div><\/div><\/div><\/div><\/div><\/section>\n","protected":false},"excerpt":{"rendered":"[rev_slider_vc alias=\"mainpage-eng\"][vc_empty_space height=\"35\"][vc_custom_heading text=\"About company\" font_container=\"tag:p|font_size:50|text_align:left|color:%23ffffff|line_height:60px\" google_fonts=\"font_family:Open%20Sans%3A300%2C300italic%2Cregular%2Citalic%2C600%2C600italic%2C700%2C700italic%2C800%2C800italic|font_style:300%20light%20regular%3A300%3Anormal\" el_class=\"title\"][vc_custom_heading text=\"Abi TOP O\u00dc Company was founded in 2012. Its main activities are interior works and road engineering services. The company has a lot of qualified staff in possession of modern equipment and tools. We work with large clients as well as private clients.\" font_container=\"tag:p|font_size:16|text_align:justify|color:%23ffffff|line_height:24px\" google_fonts=\"font_family:Open%20Sans%3A300%2C300italic%2Cregular%2Citalic%2C600%2C600italic%2C700%2C700italic%2C800%2C800italic|font_style:300%20light%20regular%3A300%3Anormal\"][vc_custom_heading text=\"Company benefits\"...","protected":false},"author":1,"featured_media":0,"parent":0,"menu_order":0,"comment_status":"closed","ping_status":"closed","template":"","meta":{"footnotes":""},"class_list":["post-250","page","type-page","status-publish","hentry"],"yoast_head":"<!-- This site is optimized with the Yoast SEO plugin v27.4 - https:\/\/yoast.com\/product\/yoast-seo-wordpress\/ -->\n<title>Mainpage - AbiTop<\/title>\n<meta name=\"robots\" content=\"index, follow, max-snippet:-1, max-image-preview:large, max-video-preview:-1\" \/>\n<link rel=\"canonical\" href=\"https:\/\/www.abitop.ee\/en\/\" \/>\n<meta property=\"og:locale\" content=\"en_US\" \/>\n<meta property=\"og:type\" content=\"article\" \/>\n<meta property=\"og:title\" content=\"Mainpage - AbiTop\" \/>\n<meta property=\"og:url\" content=\"https:\/\/www.abitop.ee\/en\/\" \/>\n<meta property=\"og:site_name\" content=\"AbiTop\" \/>\n<meta property=\"article:modified_time\" content=\"2017-04-28T11:35:41+00:00\" \/>\n<meta name=\"twitter:card\" content=\"summary_large_image\" \/>\n<meta name=\"twitter:label1\" content=\"Est. reading time\" \/>\n\t<meta name=\"twitter:data1\" content=\"4 minutes\" \/>\n<script type=\"application\/ld+json\" class=\"yoast-schema-graph\">{\"@context\":\"https:\\\/\\\/schema.org\",\"@graph\":[{\"@type\":\"WebPage\",\"@id\":\"https:\\\/\\\/www.abitop.ee\\\/en\\\/\",\"url\":\"https:\\\/\\\/www.abitop.ee\\\/en\\\/\",\"name\":\"Mainpage - AbiTop\",\"isPartOf\":{\"@id\":\"https:\\\/\\\/www.abitop.ee\\\/en\\\/#website\"},\"datePublished\":\"2016-01-27T12:18:01+00:00\",\"dateModified\":\"2017-04-28T11:35:41+00:00\",\"breadcrumb\":{\"@id\":\"https:\\\/\\\/www.abitop.ee\\\/en\\\/#breadcrumb\"},\"inLanguage\":\"en-US\",\"potentialAction\":[{\"@type\":\"ReadAction\",\"target\":[\"https:\\\/\\\/www.abitop.ee\\\/en\\\/\"]}]},{\"@type\":\"BreadcrumbList\",\"@id\":\"https:\\\/\\\/www.abitop.ee\\\/en\\\/#breadcrumb\",\"itemListElement\":[{\"@type\":\"ListItem\",\"position\":1,\"name\":\"Home\",\"item\":\"https:\\\/\\\/abitop.ee\\\/en\\\/\"},{\"@type\":\"ListItem\",\"position\":2,\"name\":\"Mainpage\"}]},{\"@type\":\"WebSite\",\"@id\":\"https:\\\/\\\/www.abitop.ee\\\/en\\\/#website\",\"url\":\"https:\\\/\\\/www.abitop.ee\\\/en\\\/\",\"name\":\"AbiTop\",\"description\":\"\",\"potentialAction\":[{\"@type\":\"SearchAction\",\"target\":{\"@type\":\"EntryPoint\",\"urlTemplate\":\"https:\\\/\\\/www.abitop.ee\\\/en\\\/?s={search_term_string}\"},\"query-input\":{\"@type\":\"PropertyValueSpecification\",\"valueRequired\":true,\"valueName\":\"search_term_string\"}}],\"inLanguage\":\"en-US\"}]}<\/script>\n<!-- \/ Yoast SEO plugin. -->","yoast_head_json":{"title":"Mainpage - AbiTop","robots":{"index":"index","follow":"follow","max-snippet":"max-snippet:-1","max-image-preview":"max-image-preview:large","max-video-preview":"max-video-preview:-1"},"canonical":"https:\/\/www.abitop.ee\/en\/","og_locale":"en_US","og_type":"article","og_title":"Mainpage - AbiTop","og_url":"https:\/\/www.abitop.ee\/en\/","og_site_name":"AbiTop","article_modified_time":"2017-04-28T11:35:41+00:00","twitter_card":"summary_large_image","twitter_misc":{"Est. reading time":"4 minutes"},"schema":{"@context":"https:\/\/schema.org","@graph":[{"@type":"WebPage","@id":"https:\/\/www.abitop.ee\/en\/","url":"https:\/\/www.abitop.ee\/en\/","name":"Mainpage - AbiTop","isPartOf":{"@id":"https:\/\/www.abitop.ee\/en\/#website"},"datePublished":"2016-01-27T12:18:01+00:00","dateModified":"2017-04-28T11:35:41+00:00","breadcrumb":{"@id":"https:\/\/www.abitop.ee\/en\/#breadcrumb"},"inLanguage":"en-US","potentialAction":[{"@type":"ReadAction","target":["https:\/\/www.abitop.ee\/en\/"]}]},{"@type":"BreadcrumbList","@id":"https:\/\/www.abitop.ee\/en\/#breadcrumb","itemListElement":[{"@type":"ListItem","position":1,"name":"Home","item":"https:\/\/abitop.ee\/en\/"},{"@type":"ListItem","position":2,"name":"Mainpage"}]},{"@type":"WebSite","@id":"https:\/\/www.abitop.ee\/en\/#website","url":"https:\/\/www.abitop.ee\/en\/","name":"AbiTop","description":"","potentialAction":[{"@type":"SearchAction","target":{"@type":"EntryPoint","urlTemplate":"https:\/\/www.abitop.ee\/en\/?s={search_term_string}"},"query-input":{"@type":"PropertyValueSpecification","valueRequired":true,"valueName":"search_term_string"}}],"inLanguage":"en-US"}]}},"_links":{"self":[{"href":"https:\/\/www.abitop.ee\/en\/wp-json\/wp\/v2\/pages\/250","targetHints":{"allow":["GET"]}}],"collection":[{"href":"https:\/\/www.abitop.ee\/en\/wp-json\/wp\/v2\/pages"}],"about":[{"href":"https:\/\/www.abitop.ee\/en\/wp-json\/wp\/v2\/types\/page"}],"author":[{"embeddable":true,"href":"https:\/\/www.abitop.ee\/en\/wp-json\/wp\/v2\/users\/1"}],"replies":[{"embeddable":true,"href":"https:\/\/www.abitop.ee\/en\/wp-json\/wp\/v2\/comments?post=250"}],"version-history":[{"count":5,"href":"https:\/\/www.abitop.ee\/en\/wp-json\/wp\/v2\/pages\/250\/revisions"}],"predecessor-version":[{"id":665,"href":"https:\/\/www.abitop.ee\/en\/wp-json\/wp\/v2\/pages\/250\/revisions\/665"}],"wp:attachment":[{"href":"https:\/\/www.abitop.ee\/en\/wp-json\/wp\/v2\/media?parent=250"}],"curies":[{"name":"wp","href":"https:\/\/api.w.org\/{rel}","templated":true}]}}